{"id":7066,"date":"2018-11-26T12:09:01","date_gmt":"2018-11-26T15:09:01","guid":{"rendered":"https:\/\/suporte2.qualitin.com\/ajuda-da-qualitin\/icg-start\/"},"modified":"2024-02-01T13:36:02","modified_gmt":"2024-02-01T16:36:02","slug":"icg-start","status":"publish","type":"page","link":"https:\/\/suporte.quattrus.com\/es\/ajuda-da-quattrus\/icg-start\/","title":{"rendered":"ICG Start"},"content":{"rendered":"\n<div class=\"row align-center\"  id=\"row-329891443\">\n\n\n\t<div id=\"col-31095482\" class=\"col medium-5 small-12 large-5\"  >\n\t\t\t\t<div class=\"col-inner\"  >\n\t\t\t\n\t\t\t\n\n    <div class=\"box has-hover has-hover box-text-bottom\" >\n\n                  <div class=\"box-image \" style=\"width:30%;\">\n           <div class=\"box-image-inner image-cover\" style=\"border-radius:100%;padding-top:90%;\">\n              <img loading=\"lazy\" decoding=\"async\" width=\"632\" height=\"632\" src=\"https:\/\/suporte.quattrus.com\/wp-content\/uploads\/2019\/04\/icg-simb-cinza-01.svg\" class=\"attachment- size-\" alt=\"\" srcset=\"https:\/\/suporte.quattrus.com\/wp-content\/uploads\/\/2019\/04\/icg-simb-cinza-01.svg 150w, https:\/\/suporte.quattrus.com\/wp-content\/uploads\/\/2019\/04\/icg-simb-cinza-01.svg 300w, https:\/\/suporte.quattrus.com\/wp-content\/uploads\/\/2019\/04\/icg-simb-cinza-01.svg 1024w, https:\/\/suporte.quattrus.com\/wp-content\/uploads\/\/2019\/04\/icg-simb-cinza-01.svg 80w, https:\/\/suporte.quattrus.com\/wp-content\/uploads\/\/2019\/04\/icg-simb-cinza-01.svg 60w, https:\/\/suporte.quattrus.com\/wp-content\/uploads\/\/2019\/04\/icg-simb-cinza-01.svg 632w\" sizes=\"auto, (max-width: 632px) 100vw, 632px\" \/>                         <\/div>\n          <\/div>\n         \n          <div class=\"box-text text-center\" >\n                <div class=\"box-text-inner\">\n                  <h4 class=\"uppercase\">\n                    <span class=\"person-name\">ICG Start<\/span><br\/>\n                    <span class=\"person-title is-small thin-font op-7\">\n                                          <\/span>\n                  <\/h4>\n\t\t\t\t\t\n\n\n                <\/div>\n          <\/div>\n    <\/div>\n\n\t\n    \n\n\t\t<\/div>\n\t\t\t\t\t<\/div>\n\n\t\n\n<\/div>\n<div class=\"row align-center\"  id=\"row-103131202\">\n\n\n\t<div id=\"col-1610479057\" class=\"col medium-8 small-12 large-8\"  >\n\t\t\t\t<div class=\"col-inner\"  >\n\t\t\t\n\t\t\t\n\n<div class=\"accordion\">\n\n\t<div id=\"accordion-566701419\" class=\"accordion-item\">\n\t\t<a id=\"accordion-566701419-label\" class=\"accordion-title plain\" href=\"#accordion-item-mas-leidos\" aria-expanded=\"false\" aria-controls=\"accordion-566701419-content\">\n\t\t\t<button class=\"toggle\" aria-label=\"Toggle\"><i class=\"icon-angle-down\" aria-hidden=\"true\"><\/i><\/button>\n\t\t\t<span>Mas Leidos<\/span>\n\t\t<\/a>\n\t\t<div id=\"accordion-566701419-content\" class=\"accordion-inner\" aria-labelledby=\"accordion-566701419-label\">\n\t\t\t\n\n<div class=\"rltdpstsplgn-popular-post-block\">\t\t\t<div class=\"rltdpstsplgn-popular-posts\">\n\t\t\t\t\t\t\t\t\t<div class=\"clear\"><\/div>\n\t\t\t\t\t\t\t<article class=\"post type-post format-standard\">\n\t\t\t\t<header class=\"entry-header\">\n\t\t\t\t<h3 class=\"rltdpstsplgn_posts_title\">\t\t\t\t<a href=\"https:\/\/suporte.quattrus.com\/es\/novedad-aprovacion-de-metas-ajuste-en-las-amplitudes\/\">NOVEDAD: Aprovaci\u00f3n de Metas: Ajuste en las Amplitudes<\/a>\n\t\t\t\t<\/h3>\t\t\t\t<\/header>\n\t\t\t\t\t\t\t<\/article><!-- .post -->\n\t\t\t\t\t\t\t<div class=\"clear\"><\/div>\n\t\t\t\t\t\t\t<article class=\"post type-post format-standard\">\n\t\t\t\t<header class=\"entry-header\">\n\t\t\t\t<h3 class=\"rltdpstsplgn_posts_title\">\t\t\t\t<a href=\"https:\/\/suporte.quattrus.com\/es\/novedad-ahora-es-mucho-mas-facil-generar-sus-reportes\/\">NOVEDAD: \u00a1Ahora es mucho m\u00e1s f\u00e1cil generar sus Reportes!<\/a>\n\t\t\t\t<\/h3>\t\t\t\t<\/header>\n\t\t\t\t\t\t\t<\/article><!-- .post -->\n\t\t\t\t\t\t\t<div class=\"clear\"><\/div>\n\t\t\t\t\t\t\t<article class=\"post type-post format-standard\">\n\t\t\t\t<header class=\"entry-header\">\n\t\t\t\t<h3 class=\"rltdpstsplgn_posts_title\">\t\t\t\t<a href=\"https:\/\/suporte.quattrus.com\/es\/novedad-entienda-las-razones-de-los-bloqueos\/\">NOVEDAD: Entienda las razones de los Bloqueos<\/a>\n\t\t\t\t<\/h3>\t\t\t\t<\/header>\n\t\t\t\t\t\t\t<\/article><!-- .post -->\n\t\t\t\t\t\t\t<div class=\"clear\"><\/div>\n\t\t\t\t\t\t\t<article class=\"post type-post format-standard\">\n\t\t\t\t<header class=\"entry-header\">\n\t\t\t\t<h3 class=\"rltdpstsplgn_posts_title\">\t\t\t\t<a href=\"https:\/\/suporte.quattrus.com\/es\/novedad-formalizar-tus-metas-es-aun-mas-facil\/\">NOVEDAD: \u00a1Formalizar tus Metas es a\u00fan m\u00e1s f\u00e1cil!<\/a>\n\t\t\t\t<\/h3>\t\t\t\t<\/header>\n\t\t\t\t\t\t\t<\/article><!-- .post -->\n\t\t\t\t\t\t\t<div class=\"clear\"><\/div>\n\t\t\t\t\t\t\t<article class=\"post type-post format-standard\">\n\t\t\t\t<header class=\"entry-header\">\n\t\t\t\t<h3 class=\"rltdpstsplgn_posts_title\">\t\t\t\t<a href=\"https:\/\/suporte.quattrus.com\/es\/novedad-importacion-de-los-indicadores-delegados\/\">NOVEDAD: Importaci\u00f3n de los Indicadores Delegados<\/a>\n\t\t\t\t<\/h3>\t\t\t\t<\/header>\n\t\t\t\t\t\t\t<\/article><!-- .post -->\n\t\t\t\t\t<\/div><!-- .pplrpsts-popular-posts -->\n\t\t\t<\/div>\n\n\t\t<\/div>\n\t<\/div>\n\t\n\t<div id=\"accordion-4143117384\" class=\"accordion-item\">\n\t\t<a id=\"accordion-4143117384-label\" class=\"accordion-title plain\" href=\"#accordion-item-usuarios\" aria-expanded=\"false\" aria-controls=\"accordion-4143117384-content\">\n\t\t\t<button class=\"toggle\" aria-label=\"Toggle\"><i class=\"icon-angle-down\" aria-hidden=\"true\"><\/i><\/button>\n\t\t\t<span>Usuarios<\/span>\n\t\t<\/a>\n\t\t<div id=\"accordion-4143117384-content\" class=\"accordion-inner\" aria-labelledby=\"accordion-4143117384-label\">\n\t\t\t\n\n<div class=\"pt-cv-wrapper\"><div class=\"pt-cv-view pt-cv-grid pt-cv-colsys\" id=\"pt-cv-view-0415673ia8\"><div data-id=\"pt-cv-page-1\" class=\"pt-cv-page\" data-cvc=\"1\"><div class=\"col-md-12 col-sm-12 col-xs-12 pt-cv-content-item pt-cv-1-col\" ><div class='pt-cv-ifield'><p class=\"pt-cv-title\"><a href=\"https:\/\/suporte.quattrus.com\/acessando-o-icg-icg-start\/\" class=\"_blank\" target=\"_blank\" >Acessando o ICG<\/a><\/p><\/div><\/div>\n<div class=\"col-md-12 col-sm-12 col-xs-12 pt-cv-content-item pt-cv-1-col\" ><div class='pt-cv-ifield'><p class=\"pt-cv-title\"><a href=\"https:\/\/suporte.quattrus.com\/acoes-pendentes-icg-start\/\" class=\"_blank\" target=\"_blank\" >A\u00e7\u00f5es pendentes<\/a><\/p><\/div><\/div>\n<div class=\"col-md-12 col-sm-12 col-xs-12 pt-cv-content-item pt-cv-1-col\" ><div class='pt-cv-ifield'><p class=\"pt-cv-title\"><a href=\"https:\/\/suporte.quattrus.com\/como-cadastrar-itens-icg-start\/\" class=\"_blank\" target=\"_blank\" >Como cadastrar itens<\/a><\/p><\/div><\/div>\n<div class=\"col-md-12 col-sm-12 col-xs-12 pt-cv-content-item pt-cv-1-col\" ><div class='pt-cv-ifield'><p class=\"pt-cv-title\"><a href=\"https:\/\/suporte.quattrus.com\/como-convidar-um-usuario-para-usar-icg-start\/\" class=\"_blank\" target=\"_blank\" >Como convidar um usu\u00e1rio para usar ICG Start<\/a><\/p><\/div><\/div>\n<div class=\"col-md-12 col-sm-12 col-xs-12 pt-cv-content-item pt-cv-1-col\" ><div class='pt-cv-ifield'><p class=\"pt-cv-title\"><a href=\"https:\/\/suporte.quattrus.com\/desabilitando-e-restaurando-itens-icg-start\/\" class=\"_blank\" target=\"_blank\" >Desabilitando e restaurando itens<\/a><\/p><\/div><\/div>\n<div class=\"col-md-12 col-sm-12 col-xs-12 pt-cv-content-item pt-cv-1-col\" ><div class='pt-cv-ifield'><p class=\"pt-cv-title\"><a href=\"https:\/\/suporte.quattrus.com\/fazendo-fca-icg-start\/\" class=\"_blank\" target=\"_blank\" >Fazendo FCA<\/a><\/p><\/div><\/div>\n<div class=\"col-md-12 col-sm-12 col-xs-12 pt-cv-content-item pt-cv-1-col\" ><div class='pt-cv-ifield'><p class=\"pt-cv-title\"><a href=\"https:\/\/suporte.quattrus.com\/grafico-do-seu-indicador-icg-start\/\" class=\"_blank\" target=\"_blank\" >Gr\u00e1fico do seu indicador<\/a><\/p><\/div><\/div>\n<div class=\"col-md-12 col-sm-12 col-xs-12 pt-cv-content-item pt-cv-1-col\" ><div class='pt-cv-ifield'><p class=\"pt-cv-title\"><a href=\"https:\/\/suporte.quattrus.com\/medicoes-icg-start\/\" class=\"_blank\" target=\"_blank\" >Medi\u00e7\u00f5es<\/a><\/p><\/div><\/div>\n<div class=\"col-md-12 col-sm-12 col-xs-12 pt-cv-content-item pt-cv-1-col\" ><div class='pt-cv-ifield'><p class=\"pt-cv-title\"><a href=\"https:\/\/suporte.quattrus.com\/quando-fazer-fca-icg-start\/\" class=\"_blank\" target=\"_blank\" >Quando fazer FCA<\/a><\/p><\/div><\/div>\n<div class=\"col-md-12 col-sm-12 col-xs-12 pt-cv-content-item pt-cv-1-col\" ><div class='pt-cv-ifield'><p class=\"pt-cv-title\"><a href=\"https:\/\/suporte.quattrus.com\/sugestoes-de-itens-icg-start\/\" class=\"_blank\" target=\"_blank\" >Sugest\u00f5es de itens<\/a><\/p><\/div><\/div><\/div><\/div><\/div>\n\n\t\t<\/div>\n\t<\/div>\n\t\n\t<div id=\"accordion-2536073511\" class=\"accordion-item\">\n\t\t<a id=\"accordion-2536073511-label\" class=\"accordion-title plain\" href=\"#accordion-item-versiones\" aria-expanded=\"false\" aria-controls=\"accordion-2536073511-content\">\n\t\t\t<button class=\"toggle\" aria-label=\"Toggle\"><i class=\"icon-angle-down\" aria-hidden=\"true\"><\/i><\/button>\n\t\t\t<span>Versiones<\/span>\n\t\t<\/a>\n\t\t<div id=\"accordion-2536073511-content\" class=\"accordion-inner\" aria-labelledby=\"accordion-2536073511-label\">\n\t\t\t\n\n<div class=\"pt-cv-wrapper\"><div class=\"pt-cv-view pt-cv-grid pt-cv-colsys\" id=\"pt-cv-view-708b9f3sy1\"><div data-id=\"pt-cv-page-1\" class=\"pt-cv-page cv-npf\" data-cvc=\"1\"><div class=\"col-md-12 col-sm-12 col-xs-12 pt-cv-content-item pt-cv-1-col\" ><div class='pt-cv-ifield'><div class=\"pt-cv-no-post\">No se han encontrado entradas.<\/div><\/div><\/div><\/div><\/div><\/div>\n\n\t\t<\/div>\n\t<\/div>\n\t\n\n<\/div>\n\n\t\t<\/div>\n\t\t\t\t\t<\/div>\n\n\t\n\n<\/div>\n\t<div id=\"text-2361417918\" class=\"text hidden\">\n\t\t\n\n[et_pb_section fb_built=&#8221;1&#8243; _builder_version=&#8221;4.16&#8243; background_video_mp4=&#8221;https:\/\/suporte.quattrus.com\/wp-content\/uploads\/2022\/03\/Busy-4723.mp4&#8243; width=&#8221;100%&#8221; max_width=&#8221;100%&#8221; min_height=&#8221;0px&#8221; custom_margin=&#8221;0px||0px||false|false&#8221; custom_padding=&#8221;0px||0px||false|false&#8221; top_divider_color=&#8221;#029da6&#8243; top_divider_height=&#8221;35px&#8221; bottom_divider_color=&#8221;#029da6&#8243; bottom_divider_height=&#8221;35px&#8221; locked=&#8221;off&#8221; global_colors_info=&#8221;{}&#8221;][et_pb_row _builder_version=&#8221;4.16&#8243; background_size=&#8221;initial&#8221; background_position=&#8221;top_left&#8221; background_repeat=&#8221;repeat&#8221; global_colors_info=&#8221;{}&#8221;][et_pb_column type=&#8221;4_4&#8243; _builder_version=&#8221;4.16&#8243; custom_padding=&#8221;|||&#8221; global_colors_info=&#8221;{}&#8221; custom_padding__hover=&#8221;|||&#8221;][et_pb_text admin_label=&#8221;Como podemos ajudar?&#8221; _builder_version=&#8221;4.14.8&#8243; text_font=&#8221;Montserrat|700||||on|||&#8221; text_text_color=&#8221;#ffffff&#8221; text_font_size=&#8221;60px&#8221; text_orientation=&#8221;center&#8221; custom_margin=&#8221;40px||65px&#8221; text_line_height_tablet=&#8221;1em&#8221; text_line_height_phone=&#8221;&#8221; text_line_height_last_edited=&#8221;on|phone&#8221; text_text_shadow_style=&#8221;preset3&#8243; text_text_shadow_blur_strength=&#8221;0.25em&#8221; text_text_shadow_color=&#8221;#000000&#8243; global_module=&#8221;11708&#8243; saved_tabs=&#8221;all&#8221; global_colors_info=&#8221;{}&#8221;]\n<p>Como podemos ajudar?<\/p>\n[\/et_pb_text][et_pb_search exclude_pages=&#8221;on&#8221; include_categories=&#8221;16,10,57,40,15,38,42,45,20,51,62,58,12,54,43,6,53,17,13,7,11,139,61,59,60,339,1,49,52,41,19,8,18,14,55,56,39,44,9,50,912,738,914,1670,913,817,904,741,740,1671,906,901,908,812,911,737,742,910,2646,2696,2700,2647,825,2648,2649,2650,2651,2652,2653,2654,2655,2643,2656,2657,2658,2644,1987,2645&#8243; placeholder=&#8221;Descreva o problema&#8221; button_color=&#8221;#eaeaea&#8221; placeholder_color=&#8221;#666666&#8243; _builder_version=&#8221;4.16&#8243; button_font=&#8221;Montserrat|600|||||||&#8221; button_text_color=&#8221;#7c7c7c&#8221; button_font_size=&#8221;18px&#8221; form_field_font=&#8221;Montserrat||||||||&#8221; form_field_font_size=&#8221;20px&#8221; background_color=&#8221;#ffffff&#8221; max_width=&#8221;80%&#8221; module_alignment=&#8221;center&#8221; custom_margin=&#8221;||&#8221; custom_padding=&#8221;0.5em||0.5em||false|false&#8221; z_index_tablet=&#8221;500&#8243; border_radii=&#8221;on|2px|2px|2px|2px&#8221; border_width_all=&#8221;0px&#8221; box_shadow_style=&#8221;preset1&#8243; box_shadow_color=&#8221;#000000&#8243; input_font=&#8221;|||||on|||&#8221; input_font_size=&#8221;25px&#8221; input_letter_spacing=&#8221;2px&#8221; input_text_shadow_horizontal_length=&#8221;input_text_shadow_style,%91object Object%93&#8243; input_text_shadow_vertical_length=&#8221;input_text_shadow_style,%91object Object%93&#8243; input_text_shadow_blur_strength=&#8221;input_text_shadow_style,%91object Object%93&#8243; global_colors_info=&#8221;{}&#8221; box_shadow_color__hover_enabled=&#8221;on&#8221; box_shadow_color__hover=&#8221;#022f66&#8243; border_width_all__hover=&#8221;0px&#8221;]\n[\/et_pb_search][et_pb_text admin_label=&#8221;Sua busca possui o filtro ICG Start.&#8221; _builder_version=&#8221;4.16&#8243; text_font=&#8221;|300|||||||&#8221; text_text_color=&#8221;#eaeaea&#8221; text_orientation=&#8221;center&#8221; custom_margin=&#8221;-12px||&#8221; text_text_shadow_style=&#8221;preset3&#8243; text_text_shadow_blur_strength=&#8221;0.25em&#8221; text_text_shadow_color=&#8221;#000000&#8243; global_colors_info=&#8221;{}&#8221;]\n<p>Sua busca possui o filtro <strong>ICG Start<\/strong>.<\/p>\n[\/et_pb_text][et_pb_text admin_label=&#8221;Clique aqui para pesquisar em todas categorias.&#8221; _builder_version=&#8221;4.20.1&#8243; text_font=&#8221;|300|||||||&#8221; text_text_color=&#8221;#eaeaea&#8221; link_text_color=&#8221;#ffffff&#8221; text_orientation=&#8221;center&#8221; custom_margin=&#8221;-26px||&#8221; hover_enabled=&#8221;0&#8243; global_colors_info=&#8221;{}&#8221; sticky_enabled=&#8221;0&#8243;]\n<p><strong><a href=\"https:\/\/suporte.quattrus.com\/\">Clique aqui<\/a><\/strong> para pesquisar em todas categorias.<\/p>\n[\/et_pb_text][\/et_pb_column][\/et_pb_row][\/et_pb_section][et_pb_section fb_built=&#8221;1&#8243; _builder_version=&#8221;4.16&#8243; background_color=&#8221;#f9f9f9&#8243; background_enable_color=&#8221;on&#8221; custom_padding=&#8221;30px|0px|54px|0px|false|false&#8221; top_divider_style=&#8221;wave2&#8243; top_divider_color=&#8221;#029da6&#8243; top_divider_height=&#8221;35px&#8221; top_divider_flip=&#8221;horizontal|vertical&#8221; border_width_bottom=&#8221;8px&#8221; border_color_bottom=&#8221;#029da6&#8243; global_colors_info=&#8221;{}&#8221;][et_pb_row _builder_version=&#8221;4.16&#8243; background_size=&#8221;initial&#8221; background_position=&#8221;top_left&#8221; background_repeat=&#8221;repeat&#8221; global_colors_info=&#8221;{}&#8221;][et_pb_column type=&#8221;4_4&#8243; _builder_version=&#8221;4.16&#8243; custom_padding=&#8221;|||&#8221; global_colors_info=&#8221;{}&#8221; custom_padding__hover=&#8221;|||&#8221;][et_pb_toggle title=&#8221;Mais lidos&#8221; icon_color=&#8221;#515151&#8243; open_icon_color=&#8221;#515151&#8243; admin_label=&#8221;Mais lidos&#8221; _builder_version=&#8221;4.16&#8243; title_level=&#8221;h3&#8243; title_font=&#8221;Montserrat|700|||||||&#8221; body_font=&#8221;|||||on|||&#8221; body_letter_spacing=&#8221;2px&#8221; background_color=&#8221;#FFFFFF&#8221; border_radii=&#8221;on|4px|4px|4px|4px&#8221; border_width_all=&#8221;0px&#8221; border_color_all=&#8221;#FFFFFF&#8221; box_shadow_style=&#8221;preset3&#8243; global_colors_info=&#8221;{}&#8221;]\n<div class=\"rltdpstsplgn-popular-post-block\">\t\t\t<div class=\"rltdpstsplgn-popular-posts\">\n\t\t\t\t\t\t\t\t\t<div class=\"clear\"><\/div>\n\t\t\t\t\t\t\t<article class=\"post type-post format-standard\">\n\t\t\t\t<header class=\"entry-header\">\n\t\t\t\t<h3 class=\"rltdpstsplgn_posts_title\">\t\t\t\t<a href=\"https:\/\/suporte.quattrus.com\/es\/novedad-aprovacion-de-metas-ajuste-en-las-amplitudes\/\">NOVEDAD: Aprovaci\u00f3n de Metas: Ajuste en las Amplitudes<\/a>\n\t\t\t\t<\/h3>\t\t\t\t<\/header>\n\t\t\t\t\t\t\t<\/article><!-- .post -->\n\t\t\t\t\t\t\t<div class=\"clear\"><\/div>\n\t\t\t\t\t\t\t<article class=\"post type-post format-standard\">\n\t\t\t\t<header class=\"entry-header\">\n\t\t\t\t<h3 class=\"rltdpstsplgn_posts_title\">\t\t\t\t<a href=\"https:\/\/suporte.quattrus.com\/es\/novedad-ahora-es-mucho-mas-facil-generar-sus-reportes\/\">NOVEDAD: \u00a1Ahora es mucho m\u00e1s f\u00e1cil generar sus Reportes!<\/a>\n\t\t\t\t<\/h3>\t\t\t\t<\/header>\n\t\t\t\t\t\t\t<\/article><!-- .post -->\n\t\t\t\t\t\t\t<div class=\"clear\"><\/div>\n\t\t\t\t\t\t\t<article class=\"post type-post format-standard\">\n\t\t\t\t<header class=\"entry-header\">\n\t\t\t\t<h3 class=\"rltdpstsplgn_posts_title\">\t\t\t\t<a href=\"https:\/\/suporte.quattrus.com\/es\/novedad-entienda-las-razones-de-los-bloqueos\/\">NOVEDAD: Entienda las razones de los Bloqueos<\/a>\n\t\t\t\t<\/h3>\t\t\t\t<\/header>\n\t\t\t\t\t\t\t<\/article><!-- .post -->\n\t\t\t\t\t\t\t<div class=\"clear\"><\/div>\n\t\t\t\t\t\t\t<article class=\"post type-post format-standard\">\n\t\t\t\t<header class=\"entry-header\">\n\t\t\t\t<h3 class=\"rltdpstsplgn_posts_title\">\t\t\t\t<a href=\"https:\/\/suporte.quattrus.com\/es\/novedad-formalizar-tus-metas-es-aun-mas-facil\/\">NOVEDAD: \u00a1Formalizar tus Metas es a\u00fan m\u00e1s f\u00e1cil!<\/a>\n\t\t\t\t<\/h3>\t\t\t\t<\/header>\n\t\t\t\t\t\t\t<\/article><!-- .post -->\n\t\t\t\t\t\t\t<div class=\"clear\"><\/div>\n\t\t\t\t\t\t\t<article class=\"post type-post format-standard\">\n\t\t\t\t<header class=\"entry-header\">\n\t\t\t\t<h3 class=\"rltdpstsplgn_posts_title\">\t\t\t\t<a href=\"https:\/\/suporte.quattrus.com\/es\/novedad-importacion-de-los-indicadores-delegados\/\">NOVEDAD: Importaci\u00f3n de los Indicadores Delegados<\/a>\n\t\t\t\t<\/h3>\t\t\t\t<\/header>\n\t\t\t\t\t\t\t<\/article><!-- .post -->\n\t\t\t\t\t<\/div><!-- .pplrpsts-popular-posts -->\n\t\t\t<\/div>\n[\/et_pb_toggle][et_pb_toggle title=&#8221;Usu\u00e1rios&#8221; icon_color=&#8221;#515151&#8243; open_icon_color=&#8221;#515151&#8243; admin_label=&#8221;Usu\u00e1rios&#8221; _builder_version=&#8221;4.16&#8243; title_level=&#8221;h3&#8243; title_font=&#8221;Montserrat|700|||||||&#8221; body_font=&#8221;|||||on|||&#8221; body_letter_spacing=&#8221;2px&#8221; background_color=&#8221;#FFFFFF&#8221; border_radii=&#8221;on|4px|4px|4px|4px&#8221; border_width_all=&#8221;0px&#8221; border_color_all=&#8221;#FFFFFF&#8221; box_shadow_style=&#8221;preset3&#8243; global_colors_info=&#8221;{}&#8221;]\n<div class=\"pt-cv-wrapper\"><div class=\"pt-cv-view pt-cv-grid pt-cv-colsys\" id=\"pt-cv-view-0415673ia8\"><div data-id=\"pt-cv-page-1\" class=\"pt-cv-page\" data-cvc=\"1\"><div class=\"col-md-12 col-sm-12 col-xs-12 pt-cv-content-item pt-cv-1-col\" ><div class='pt-cv-ifield'><p class=\"pt-cv-title\"><a href=\"https:\/\/suporte.quattrus.com\/acessando-o-icg-icg-start\/\" class=\"_blank\" target=\"_blank\" >Acessando o ICG<\/a><\/p><\/div><\/div>\n<div class=\"col-md-12 col-sm-12 col-xs-12 pt-cv-content-item pt-cv-1-col\" ><div class='pt-cv-ifield'><p class=\"pt-cv-title\"><a href=\"https:\/\/suporte.quattrus.com\/acoes-pendentes-icg-start\/\" class=\"_blank\" target=\"_blank\" >A\u00e7\u00f5es pendentes<\/a><\/p><\/div><\/div>\n<div class=\"col-md-12 col-sm-12 col-xs-12 pt-cv-content-item pt-cv-1-col\" ><div class='pt-cv-ifield'><p class=\"pt-cv-title\"><a href=\"https:\/\/suporte.quattrus.com\/como-cadastrar-itens-icg-start\/\" class=\"_blank\" target=\"_blank\" >Como cadastrar itens<\/a><\/p><\/div><\/div>\n<div class=\"col-md-12 col-sm-12 col-xs-12 pt-cv-content-item pt-cv-1-col\" ><div class='pt-cv-ifield'><p class=\"pt-cv-title\"><a href=\"https:\/\/suporte.quattrus.com\/como-convidar-um-usuario-para-usar-icg-start\/\" class=\"_blank\" target=\"_blank\" >Como convidar um usu\u00e1rio para usar ICG Start<\/a><\/p><\/div><\/div>\n<div class=\"col-md-12 col-sm-12 col-xs-12 pt-cv-content-item pt-cv-1-col\" ><div class='pt-cv-ifield'><p class=\"pt-cv-title\"><a href=\"https:\/\/suporte.quattrus.com\/desabilitando-e-restaurando-itens-icg-start\/\" class=\"_blank\" target=\"_blank\" >Desabilitando e restaurando itens<\/a><\/p><\/div><\/div>\n<div class=\"col-md-12 col-sm-12 col-xs-12 pt-cv-content-item pt-cv-1-col\" ><div class='pt-cv-ifield'><p class=\"pt-cv-title\"><a href=\"https:\/\/suporte.quattrus.com\/fazendo-fca-icg-start\/\" class=\"_blank\" target=\"_blank\" >Fazendo FCA<\/a><\/p><\/div><\/div>\n<div class=\"col-md-12 col-sm-12 col-xs-12 pt-cv-content-item pt-cv-1-col\" ><div class='pt-cv-ifield'><p class=\"pt-cv-title\"><a href=\"https:\/\/suporte.quattrus.com\/grafico-do-seu-indicador-icg-start\/\" class=\"_blank\" target=\"_blank\" >Gr\u00e1fico do seu indicador<\/a><\/p><\/div><\/div>\n<div class=\"col-md-12 col-sm-12 col-xs-12 pt-cv-content-item pt-cv-1-col\" ><div class='pt-cv-ifield'><p class=\"pt-cv-title\"><a href=\"https:\/\/suporte.quattrus.com\/medicoes-icg-start\/\" class=\"_blank\" target=\"_blank\" >Medi\u00e7\u00f5es<\/a><\/p><\/div><\/div>\n<div class=\"col-md-12 col-sm-12 col-xs-12 pt-cv-content-item pt-cv-1-col\" ><div class='pt-cv-ifield'><p class=\"pt-cv-title\"><a href=\"https:\/\/suporte.quattrus.com\/quando-fazer-fca-icg-start\/\" class=\"_blank\" target=\"_blank\" >Quando fazer FCA<\/a><\/p><\/div><\/div>\n<div class=\"col-md-12 col-sm-12 col-xs-12 pt-cv-content-item pt-cv-1-col\" ><div class='pt-cv-ifield'><p class=\"pt-cv-title\"><a href=\"https:\/\/suporte.quattrus.com\/sugestoes-de-itens-icg-start\/\" class=\"_blank\" target=\"_blank\" >Sugest\u00f5es de itens<\/a><\/p><\/div><\/div><\/div><\/div><\/div>\n[\/et_pb_toggle][et_pb_toggle title=&#8221;Change Log&#8221; icon_color=&#8221;#515151&#8243; open_icon_color=&#8221;#515151&#8243; admin_label=&#8221;Change Log&#8221; _builder_version=&#8221;4.16&#8243; title_level=&#8221;h3&#8243; title_font=&#8221;Montserrat|700|||||||&#8221; body_font=&#8221;|||||on|||&#8221; body_letter_spacing=&#8221;2px&#8221; background_color=&#8221;#FFFFFF&#8221; border_radii=&#8221;on|4px|4px|4px|4px&#8221; border_width_all=&#8221;0px&#8221; border_color_all=&#8221;#FFFFFF&#8221; box_shadow_style=&#8221;preset3&#8243; global_colors_info=&#8221;{}&#8221;]\n<div class=\"pt-cv-wrapper\"><div class=\"pt-cv-view pt-cv-grid pt-cv-colsys\" id=\"pt-cv-view-708b9f3sy1\"><div data-id=\"pt-cv-page-1\" class=\"pt-cv-page cv-npf\" data-cvc=\"1\"><div class=\"col-md-12 col-sm-12 col-xs-12 pt-cv-content-item pt-cv-1-col\" ><div class='pt-cv-ifield'><div class=\"pt-cv-no-post\">No se han encontrado entradas.<\/div><\/div><\/div><\/div><\/div><\/div>\n[\/et_pb_toggle][\/et_pb_column][\/et_pb_row][\/et_pb_section]\n\t\t\t<\/div>\n\t\n\n","protected":false},"excerpt":{"rendered":"","protected":false},"author":3,"featured_media":0,"parent":1970,"menu_order":0,"comment_status":"closed","ping_status":"closed","template":"page-blank.php","meta":{"_joinchat":[],"footnotes":""},"categories":[46],"tags":[],"class_list":["post-7066","page","type-page","status-publish","hentry","category-icg-start"],"_links":{"self":[{"href":"https:\/\/suporte.quattrus.com\/es\/wp-json\/wp\/v2\/pages\/7066","targetHints":{"allow":["GET"]}}],"collection":[{"href":"https:\/\/suporte.quattrus.com\/es\/wp-json\/wp\/v2\/pages"}],"about":[{"href":"https:\/\/suporte.quattrus.com\/es\/wp-json\/wp\/v2\/types\/page"}],"author":[{"embeddable":true,"href":"https:\/\/suporte.quattrus.com\/es\/wp-json\/wp\/v2\/users\/3"}],"replies":[{"embeddable":true,"href":"https:\/\/suporte.quattrus.com\/es\/wp-json\/wp\/v2\/comments?post=7066"}],"version-history":[{"count":6,"href":"https:\/\/suporte.quattrus.com\/es\/wp-json\/wp\/v2\/pages\/7066\/revisions"}],"predecessor-version":[{"id":55380,"href":"https:\/\/suporte.quattrus.com\/es\/wp-json\/wp\/v2\/pages\/7066\/revisions\/55380"}],"up":[{"embeddable":true,"href":"https:\/\/suporte.quattrus.com\/es\/wp-json\/wp\/v2\/pages\/1970"}],"wp:attachment":[{"href":"https:\/\/suporte.quattrus.com\/es\/wp-json\/wp\/v2\/media?parent=7066"}],"wp:term":[{"taxonomy":"category","embeddable":true,"href":"https:\/\/suporte.quattrus.com\/es\/wp-json\/wp\/v2\/categories?post=7066"},{"taxonomy":"post_tag","embeddable":true,"href":"https:\/\/suporte.quattrus.com\/es\/wp-json\/wp\/v2\/tags?post=7066"}],"curies":[{"name":"wp","href":"https:\/\/api.w.org\/{rel}","templated":true}]}}