{"id":55099,"date":"2023-10-06T14:27:05","date_gmt":"2023-10-06T17:27:05","guid":{"rendered":"https:\/\/suporte.quattrus.com\/?page_id=55099"},"modified":"2024-02-01T14:18:58","modified_gmt":"2024-02-01T17:18:58","slug":"conexa","status":"publish","type":"page","link":"https:\/\/suporte.quattrus.com\/es\/ajuda-da-quattrus\/conexa\/","title":{"rendered":"Conexa"},"content":{"rendered":"\n<div class=\"row align-center\"  id=\"row-885810868\">\n\n\n\t<div id=\"col-1037543390\" class=\"col medium-5 small-12 large-5\"  >\n\t\t\t\t<div class=\"col-inner\"  >\n\t\t\t\n\t\t\t\n\n    <div class=\"box has-hover has-hover box-text-bottom\" >\n\n                  <div class=\"box-image \" style=\"width:30%;\">\n           <div class=\"box-image-inner image-cover\" style=\"border-radius:100%;padding-top:90%;\">\n              <img loading=\"lazy\" decoding=\"async\" width=\"1500\" height=\"1500\" src=\"https:\/\/suporte.quattrus.com\/wp-content\/uploads\/2023\/03\/icone-conexa.png\" class=\"attachment- size-\" alt=\"\" srcset=\"https:\/\/suporte.quattrus.com\/wp-content\/uploads\/2023\/03\/icone-conexa.png 1500w, https:\/\/suporte.quattrus.com\/wp-content\/uploads\/2023\/03\/icone-conexa-300x300.png 300w, https:\/\/suporte.quattrus.com\/wp-content\/uploads\/2023\/03\/icone-conexa-100x100.png 100w, https:\/\/suporte.quattrus.com\/wp-content\/uploads\/2023\/03\/icone-conexa-600x600.png 600w, https:\/\/suporte.quattrus.com\/wp-content\/uploads\/2023\/03\/icone-conexa-1024x1024.png 1024w, https:\/\/suporte.quattrus.com\/wp-content\/uploads\/2023\/03\/icone-conexa-150x150.png 150w, https:\/\/suporte.quattrus.com\/wp-content\/uploads\/2023\/03\/icone-conexa-768x768.png 768w, https:\/\/suporte.quattrus.com\/wp-content\/uploads\/2023\/03\/icone-conexa-80x80.png 80w, https:\/\/suporte.quattrus.com\/wp-content\/uploads\/2023\/03\/icone-conexa-1080x1080.png 1080w, https:\/\/suporte.quattrus.com\/wp-content\/uploads\/2023\/03\/icone-conexa-1280x1280.png 1280w, https:\/\/suporte.quattrus.com\/wp-content\/uploads\/2023\/03\/icone-conexa-980x980.png 980w, https:\/\/suporte.quattrus.com\/wp-content\/uploads\/2023\/03\/icone-conexa-480x480.png 480w, https:\/\/suporte.quattrus.com\/wp-content\/uploads\/2023\/03\/icone-conexa-60x60.png 60w\" sizes=\"auto, (max-width: 1500px) 100vw, 1500px\" \/>                         <\/div>\n          <\/div>\n         \n          <div class=\"box-text text-center\" >\n                <div class=\"box-text-inner\">\n                  <h4 class=\"uppercase\">\n                    <span class=\"person-name\">Conexa<\/span><br\/>\n                    <span class=\"person-title is-small thin-font op-7\">\n                                          <\/span>\n                  <\/h4>\n\t\t\t\t\t\n\n\n                <\/div>\n          <\/div>\n    <\/div>\n\n\t\n    \n\n\t\t<\/div>\n\t\t\t\t\t<\/div>\n\n\t\n\n<\/div>\n\t<div id=\"gap-603083645\" class=\"gap-element clearfix\" style=\"display:block; height:auto;\">\n\t\t\n<style>\n#gap-603083645 {\n  padding-top: 30px;\n}\n<\/style>\n\t<\/div>\n\t\n\n<div class=\"row align-center\"  id=\"row-1808610321\">\n\n\n\t<div id=\"col-2129603607\" class=\"col medium-8 small-12 large-8\"  >\n\t\t\t\t<div class=\"col-inner\"  >\n\t\t\t\n\t\t\t\n\n<div class=\"accordion\">\n\n\t<div id=\"accordion-1778787529\" class=\"accordion-item\">\n\t\t<a id=\"accordion-1778787529-label\" class=\"accordion-title plain\" href=\"#accordion-item-mas-leidos\" aria-expanded=\"false\" aria-controls=\"accordion-1778787529-content\">\n\t\t\t<button class=\"toggle\" aria-label=\"Toggle\"><i class=\"icon-angle-down\" aria-hidden=\"true\"><\/i><\/button>\n\t\t\t<span>Mas Leidos<\/span>\n\t\t<\/a>\n\t\t<div id=\"accordion-1778787529-content\" class=\"accordion-inner\" aria-labelledby=\"accordion-1778787529-label\">\n\t\t\t\n\n<div class=\"rltdpstsplgn-popular-post-block\">\t\t\t<div class=\"rltdpstsplgn-popular-posts\">\n\t\t\t\t\t\t\t\t\t<div class=\"clear\"><\/div>\n\t\t\t\t\t\t\t<article class=\"post type-post format-standard\">\n\t\t\t\t<header class=\"entry-header\">\n\t\t\t\t<h3 class=\"rltdpstsplgn_posts_title\">\t\t\t\t<a href=\"https:\/\/suporte.quattrus.com\/es\/novedad-aprovacion-de-metas-ajuste-en-las-amplitudes\/\">NOVEDAD: Aprovaci\u00f3n de Metas: Ajuste en las Amplitudes<\/a>\n\t\t\t\t<\/h3>\t\t\t\t<\/header>\n\t\t\t\t\t\t\t<\/article><!-- .post -->\n\t\t\t\t\t\t\t<div class=\"clear\"><\/div>\n\t\t\t\t\t\t\t<article class=\"post type-post format-standard\">\n\t\t\t\t<header class=\"entry-header\">\n\t\t\t\t<h3 class=\"rltdpstsplgn_posts_title\">\t\t\t\t<a href=\"https:\/\/suporte.quattrus.com\/es\/novedad-ahora-es-mucho-mas-facil-generar-sus-reportes\/\">NOVEDAD: \u00a1Ahora es mucho m\u00e1s f\u00e1cil generar sus Reportes!<\/a>\n\t\t\t\t<\/h3>\t\t\t\t<\/header>\n\t\t\t\t\t\t\t<\/article><!-- .post -->\n\t\t\t\t\t\t\t<div class=\"clear\"><\/div>\n\t\t\t\t\t\t\t<article class=\"post type-post format-standard\">\n\t\t\t\t<header class=\"entry-header\">\n\t\t\t\t<h3 class=\"rltdpstsplgn_posts_title\">\t\t\t\t<a href=\"https:\/\/suporte.quattrus.com\/es\/novedad-entienda-las-razones-de-los-bloqueos\/\">NOVEDAD: Entienda las razones de los Bloqueos<\/a>\n\t\t\t\t<\/h3>\t\t\t\t<\/header>\n\t\t\t\t\t\t\t<\/article><!-- .post -->\n\t\t\t\t\t\t\t<div class=\"clear\"><\/div>\n\t\t\t\t\t\t\t<article class=\"post type-post format-standard\">\n\t\t\t\t<header class=\"entry-header\">\n\t\t\t\t<h3 class=\"rltdpstsplgn_posts_title\">\t\t\t\t<a href=\"https:\/\/suporte.quattrus.com\/es\/novedad-formalizar-tus-metas-es-aun-mas-facil\/\">NOVEDAD: \u00a1Formalizar tus Metas es a\u00fan m\u00e1s f\u00e1cil!<\/a>\n\t\t\t\t<\/h3>\t\t\t\t<\/header>\n\t\t\t\t\t\t\t<\/article><!-- .post -->\n\t\t\t\t\t\t\t<div class=\"clear\"><\/div>\n\t\t\t\t\t\t\t<article class=\"post type-post format-standard\">\n\t\t\t\t<header class=\"entry-header\">\n\t\t\t\t<h3 class=\"rltdpstsplgn_posts_title\">\t\t\t\t<a href=\"https:\/\/suporte.quattrus.com\/es\/novedad-importacion-de-los-indicadores-delegados\/\">NOVEDAD: Importaci\u00f3n de los Indicadores Delegados<\/a>\n\t\t\t\t<\/h3>\t\t\t\t<\/header>\n\t\t\t\t\t\t\t<\/article><!-- .post -->\n\t\t\t\t\t<\/div><!-- .pplrpsts-popular-posts -->\n\t\t\t<\/div>\n\n\t\t<\/div>\n\t<\/div>\n\t\n\t<div id=\"accordion-1144463528\" class=\"accordion-item\">\n\t\t<a id=\"accordion-1144463528-label\" class=\"accordion-title plain\" href=\"#accordion-item-configuraci\u00f3n-y-presentaci\u00f3n\" aria-expanded=\"false\" aria-controls=\"accordion-1144463528-content\">\n\t\t\t<button class=\"toggle\" aria-label=\"Toggle\"><i class=\"icon-angle-down\" aria-hidden=\"true\"><\/i><\/button>\n\t\t\t<span>Configuraci\u00f3n y Presentaci\u00f3n<\/span>\n\t\t<\/a>\n\t\t<div id=\"accordion-1144463528-content\" class=\"accordion-inner\" aria-labelledby=\"accordion-1144463528-label\">\n\t\t\t\n\n<div class=\"pt-cv-wrapper\"><div class=\"pt-cv-view pt-cv-grid pt-cv-colsys\" id=\"pt-cv-view-b4a6de4rai\"><div data-id=\"pt-cv-page-1\" class=\"pt-cv-page\" data-cvc=\"1\"><div class=\"col-md-12 col-sm-12 col-xs-12 pt-cv-content-item pt-cv-1-col\" ><div class='pt-cv-ifield'><p class=\"pt-cv-title\"><a href=\"https:\/\/suporte.quattrus.com\/es\/acm-analisis-critico-mensual-en-conexa\/\" class=\"_self\" target=\"_self\" >ACM: An\u00e1lisis Cr\u00edtico Mensual en Conexa<\/a><\/p><\/div><\/div>\n<div class=\"col-md-12 col-sm-12 col-xs-12 pt-cv-content-item pt-cv-1-col\" ><div class='pt-cv-ifield'><p class=\"pt-cv-title\"><a href=\"https:\/\/suporte.quattrus.com\/es\/como-creamos-un-objetivo\/\" class=\"_self\" target=\"_self\" >C\u00f3mo creamos un Objetivo<\/a><\/p><\/div><\/div>\n<div class=\"col-md-12 col-sm-12 col-xs-12 pt-cv-content-item pt-cv-1-col\" ><div class='pt-cv-ifield'><p class=\"pt-cv-title\"><a href=\"https:\/\/suporte.quattrus.com\/es\/como-vincular-indicadores-a-un-objetivo\/\" class=\"_self\" target=\"_self\" >Como vincular indicadores a un objetivo<\/a><\/p><\/div><\/div>\n<div class=\"col-md-12 col-sm-12 col-xs-12 pt-cv-content-item pt-cv-1-col\" ><div class='pt-cv-ifield'><p class=\"pt-cv-title\"><a href=\"https:\/\/suporte.quattrus.com\/es\/configuracion-de-conexiones-de-los-objetivos-en-conexa\/\" class=\"_self\" target=\"_self\" >Configuraci\u00f3n de conexiones de los Objetivos en Conexa<\/a><\/p><\/div><\/div>\n<div class=\"col-md-12 col-sm-12 col-xs-12 pt-cv-content-item pt-cv-1-col\" ><div class='pt-cv-ifield'><p class=\"pt-cv-title\"><a href=\"https:\/\/suporte.quattrus.com\/es\/configuracion-modo-presentacion-en-conexa\/\" class=\"_self\" target=\"_self\" >Configuraci\u00f3n: Modo Presentaci\u00f3n en Conexa<\/a><\/p><\/div><\/div>\n<div class=\"col-md-12 col-sm-12 col-xs-12 pt-cv-content-item pt-cv-1-col\" ><div class='pt-cv-ifield'><p class=\"pt-cv-title\"><a href=\"https:\/\/suporte.quattrus.com\/es\/crear-un-mapa-estrategico-en-conexa\/\" class=\"_self\" target=\"_self\" >Crear un mapa Estrat\u00e9gico en Conexa<\/a><\/p><\/div><\/div>\n<div class=\"col-md-12 col-sm-12 col-xs-12 pt-cv-content-item pt-cv-1-col\" ><div class='pt-cv-ifield'><p class=\"pt-cv-title\"><a href=\"https:\/\/suporte.quattrus.com\/es\/entendiendo-el-mapa-de-conexa\/\" class=\"_self\" target=\"_self\" >Entendiendo el Mapa de Conexa<\/a><\/p><\/div><\/div>\n<div class=\"col-md-12 col-sm-12 col-xs-12 pt-cv-content-item pt-cv-1-col\" ><div class='pt-cv-ifield'><p class=\"pt-cv-title\"><a href=\"https:\/\/suporte.quattrus.com\/es\/modo-presentacion-en-conexa-que-es\/\" class=\"_self\" target=\"_self\" >Modo Presentaci\u00f3n en Conexa: \u00bfQu\u00e9 es?<\/a><\/p><\/div><\/div>\n<div class=\"col-md-12 col-sm-12 col-xs-12 pt-cv-content-item pt-cv-1-col\" ><div class='pt-cv-ifield'><p class=\"pt-cv-title\"><a href=\"https:\/\/suporte.quattrus.com\/es\/modo-presentacion-en-conexa-visualizacion\/\" class=\"_self\" target=\"_self\" >Modo Presentaci\u00f3n en Conexa: Visualizaci\u00f3n<\/a><\/p><\/div><\/div><\/div><\/div><\/div>\n\n\t\t<\/div>\n\t<\/div>\n\t\n\n<\/div>\n\n\t\t<\/div>\n\t\t\t\t\t<\/div>\n\n\t\n\n<\/div>\n\t<div id=\"text-2428219029\" class=\"text hidden\">\n\t\t\n\n[et_pb_section fb_built=&#8221;1&#8243; _builder_version=&#8221;4.22.2&#8243; background_enable_video_mp4=&#8221;on&#8221; width=&#8221;100%&#8221; max_width=&#8221;100%&#8221; min_height=&#8221;0px&#8221; custom_margin=&#8221;0px||0px||false|false&#8221; custom_padding=&#8221;0px||0px||false|false&#8221; bottom_divider_color=&#8221;#029da6&#8243; bottom_divider_height=&#8221;35px&#8221; locked=&#8221;off&#8221; global_colors_info=&#8221;{}&#8221;][et_pb_row _builder_version=&#8221;4.16&#8243; global_colors_info=&#8221;{}&#8221;][et_pb_column type=&#8221;4_4&#8243; _builder_version=&#8221;4.16&#8243; custom_padding=&#8221;|||&#8221; global_colors_info=&#8221;{}&#8221; custom_padding__hover=&#8221;|||&#8221;][et_pb_text admin_label=&#8221;Como podemos ajudar?&#8221; _builder_version=&#8221;4.21.0&#8243; text_font=&#8221;Montserrat|700||||on|||&#8221; text_text_color=&#8221;#ffffff&#8221; text_font_size=&#8221;60px&#8221; text_orientation=&#8221;center&#8221; custom_margin=&#8221;40px||65px||false|false&#8221; custom_padding=&#8221;|||0px|false|false&#8221; text_line_height_tablet=&#8221;1em&#8221; text_line_height_phone=&#8221;&#8221; text_line_height_last_edited=&#8221;on|phone&#8221; text_text_shadow_style=&#8221;preset3&#8243; text_text_shadow_blur_strength=&#8221;0.25em&#8221; text_text_shadow_color=&#8221;#000000&#8243; global_module=&#8221;11708&#8243; saved_tabs=&#8221;all&#8221; global_colors_info=&#8221;{}&#8221;]\n<p>Como podemos ajudar?<\/p>\n[\/et_pb_text][et_pb_search exclude_pages=&#8221;on&#8221; include_categories=&#8221;16,10,57,40,15,38,42,45,20,48,62,58,12,54,43,6,46,53,17,13,7,11,139,61,59,60,339,1,52,41,19,8,18,14,55,56,39,44,9,47,912,738,914,1670,913,817,904,741,740,1671,906,901,908,812,911,737,742,910,2646,2696,2700,2647,825,2648,2649,2650,2651,2652,2653,2654,2655,2643,2656,2657,2658,2644,1987,2645,2822,2745,2793,2825,49,2795,2799,2803,2798,2802,2800,2796,2804,2797,2801,2810,2743,2741,50&#8243; placeholder=&#8221;Descreva o problema&#8221; button_color=&#8221;#eaeaea&#8221; placeholder_color=&#8221;#666666&#8243; _builder_version=&#8221;4.22.2&#8243; button_font=&#8221;Montserrat|600|||||||&#8221; button_text_color=&#8221;#7c7c7c&#8221; button_font_size=&#8221;18px&#8221; form_field_font=&#8221;Montserrat||||||||&#8221; form_field_font_size=&#8221;20px&#8221; background_color=&#8221;#ffffff&#8221; max_width=&#8221;80%&#8221; module_alignment=&#8221;center&#8221; custom_margin=&#8221;||&#8221; custom_padding=&#8221;0.5em||0.5em||false|false&#8221; z_index_tablet=&#8221;500&#8243; border_radii=&#8221;on|2px|2px|2px|2px&#8221; border_width_all=&#8221;0px&#8221; box_shadow_style=&#8221;preset1&#8243; box_shadow_color=&#8221;#000000&#8243; input_font=&#8221;|||||on|||&#8221; input_font_size=&#8221;25px&#8221; input_letter_spacing=&#8221;2px&#8221; global_colors_info=&#8221;{}&#8221; box_shadow_color__hover_enabled=&#8221;on&#8221; box_shadow_color__hover=&#8221;#022f66&#8243; border_width_all__hover=&#8221;0px&#8221;][\/et_pb_search][et_pb_text admin_label=&#8221;Sua busca possui o filtro PAA.&#8221; _builder_version=&#8221;4.22.2&#8243; text_font=&#8221;|300|||||||&#8221; text_text_color=&#8221;#eaeaea&#8221; text_orientation=&#8221;center&#8221; custom_margin=&#8221;-12px||&#8221; text_text_shadow_style=&#8221;preset3&#8243; text_text_shadow_blur_strength=&#8221;0.25em&#8221; text_text_shadow_color=&#8221;#000000&#8243; global_colors_info=&#8221;{}&#8221;]\n<p>Sua busca possui o filtro Conexa.<\/p>\n[\/et_pb_text][et_pb_text admin_label=&#8221;Clique aqui para pesquisar em todas categorias.&#8221; _builder_version=&#8221;4.20.1&#8243; text_font=&#8221;|300|||||||&#8221; text_text_color=&#8221;#eaeaea&#8221; link_text_color=&#8221;#ffffff&#8221; text_orientation=&#8221;center&#8221; custom_margin=&#8221;-26px||&#8221; global_colors_info=&#8221;{}&#8221;]\n<p><strong><a href=\"https:\/\/suporte.quattrus.com\/\">Clique aqui<\/a><\/strong> para pesquisar em todas categorias.<\/p>\n[\/et_pb_text][\/et_pb_column][\/et_pb_row][\/et_pb_section][et_pb_section fb_built=&#8221;1&#8243; _builder_version=&#8221;4.16&#8243; background_color=&#8221;#f9f9f9&#8243; background_enable_color=&#8221;on&#8221; custom_padding=&#8221;30px|0px|54px|0px|false|false&#8221; global_colors_info=&#8221;{}&#8221;][et_pb_row _builder_version=&#8221;4.22.2&#8243; custom_margin=&#8221;0px|200px|0px|200px|false|false&#8221; custom_padding=&#8221;|300px|86px|300px|false|true&#8221; global_colors_info=&#8221;{}&#8221;][et_pb_column type=&#8221;4_4&#8243; _builder_version=&#8221;4.16&#8243; custom_padding=&#8221;|||&#8221; global_colors_info=&#8221;{}&#8221; custom_padding__hover=&#8221;|||&#8221;][et_pb_toggle title=&#8221;Mais lidos&#8221; icon_color=&#8221;#515151&#8243; open_icon_color=&#8221;#515151&#8243; admin_label=&#8221;Mais lidos&#8221; _builder_version=&#8221;4.16&#8243; title_level=&#8221;h3&#8243; title_font=&#8221;Montserrat|700|||||||&#8221; body_font=&#8221;|||||on|||&#8221; body_letter_spacing=&#8221;2px&#8221; background_color=&#8221;#FFFFFF&#8221; border_radii=&#8221;on|4px|4px|4px|4px&#8221; border_width_all=&#8221;0px&#8221; border_color_all=&#8221;#FFFFFF&#8221; box_shadow_style=&#8221;preset3&#8243; global_colors_info=&#8221;{}&#8221;]<div class=\"rltdpstsplgn-popular-post-block\">\t\t\t<div class=\"rltdpstsplgn-popular-posts\">\n\t\t\t\t\t\t\t\t\t<div class=\"clear\"><\/div>\n\t\t\t\t\t\t\t<article class=\"post type-post format-standard\">\n\t\t\t\t<header class=\"entry-header\">\n\t\t\t\t<h3 class=\"rltdpstsplgn_posts_title\">\t\t\t\t<a href=\"https:\/\/suporte.quattrus.com\/es\/novedad-aprovacion-de-metas-ajuste-en-las-amplitudes\/\">NOVEDAD: Aprovaci\u00f3n de Metas: Ajuste en las Amplitudes<\/a>\n\t\t\t\t<\/h3>\t\t\t\t<\/header>\n\t\t\t\t\t\t\t<\/article><!-- .post -->\n\t\t\t\t\t\t\t<div class=\"clear\"><\/div>\n\t\t\t\t\t\t\t<article class=\"post type-post format-standard\">\n\t\t\t\t<header class=\"entry-header\">\n\t\t\t\t<h3 class=\"rltdpstsplgn_posts_title\">\t\t\t\t<a href=\"https:\/\/suporte.quattrus.com\/es\/novedad-ahora-es-mucho-mas-facil-generar-sus-reportes\/\">NOVEDAD: \u00a1Ahora es mucho m\u00e1s f\u00e1cil generar sus Reportes!<\/a>\n\t\t\t\t<\/h3>\t\t\t\t<\/header>\n\t\t\t\t\t\t\t<\/article><!-- .post -->\n\t\t\t\t\t\t\t<div class=\"clear\"><\/div>\n\t\t\t\t\t\t\t<article class=\"post type-post format-standard\">\n\t\t\t\t<header class=\"entry-header\">\n\t\t\t\t<h3 class=\"rltdpstsplgn_posts_title\">\t\t\t\t<a href=\"https:\/\/suporte.quattrus.com\/es\/novedad-entienda-las-razones-de-los-bloqueos\/\">NOVEDAD: Entienda las razones de los Bloqueos<\/a>\n\t\t\t\t<\/h3>\t\t\t\t<\/header>\n\t\t\t\t\t\t\t<\/article><!-- .post -->\n\t\t\t\t\t\t\t<div class=\"clear\"><\/div>\n\t\t\t\t\t\t\t<article class=\"post type-post format-standard\">\n\t\t\t\t<header class=\"entry-header\">\n\t\t\t\t<h3 class=\"rltdpstsplgn_posts_title\">\t\t\t\t<a href=\"https:\/\/suporte.quattrus.com\/es\/novedad-formalizar-tus-metas-es-aun-mas-facil\/\">NOVEDAD: \u00a1Formalizar tus Metas es a\u00fan m\u00e1s f\u00e1cil!<\/a>\n\t\t\t\t<\/h3>\t\t\t\t<\/header>\n\t\t\t\t\t\t\t<\/article><!-- .post -->\n\t\t\t\t\t\t\t<div class=\"clear\"><\/div>\n\t\t\t\t\t\t\t<article class=\"post type-post format-standard\">\n\t\t\t\t<header class=\"entry-header\">\n\t\t\t\t<h3 class=\"rltdpstsplgn_posts_title\">\t\t\t\t<a href=\"https:\/\/suporte.quattrus.com\/es\/novedad-importacion-de-los-indicadores-delegados\/\">NOVEDAD: Importaci\u00f3n de los Indicadores Delegados<\/a>\n\t\t\t\t<\/h3>\t\t\t\t<\/header>\n\t\t\t\t\t\t\t<\/article><!-- .post -->\n\t\t\t\t\t<\/div><!-- .pplrpsts-popular-posts -->\n\t\t\t<\/div>\n[\/et_pb_toggle][et_pb_toggle title=&#8221;Configura\u00e7\u00e3o e Apresenta\u00e7\u00e3o&#8221; icon_color=&#8221;#515151&#8243; open_icon_color=&#8221;#515151&#8243; admin_label=&#8221;Usu\u00e1rios&#8221; _builder_version=&#8221;4.22.2&#8243; title_level=&#8221;h3&#8243; title_font=&#8221;Montserrat|700|||||||&#8221; body_font=&#8221;|||||on|||&#8221; body_letter_spacing=&#8221;2px&#8221; background_color=&#8221;#FFFFFF&#8221; hover_enabled=&#8221;0&#8243; border_radii=&#8221;on|4px|4px|4px|4px&#8221; border_width_all=&#8221;0px&#8221; border_color_all=&#8221;#FFFFFF&#8221; box_shadow_style=&#8221;preset3&#8243; global_colors_info=&#8221;{}&#8221; sticky_enabled=&#8221;0&#8243;]\n<div class=\"pt-cv-wrapper\"><div class=\"pt-cv-view pt-cv-grid pt-cv-colsys\" id=\"pt-cv-view-b4a6de4rai\"><div data-id=\"pt-cv-page-1\" class=\"pt-cv-page\" data-cvc=\"1\"><div class=\"col-md-12 col-sm-12 col-xs-12 pt-cv-content-item pt-cv-1-col\" ><div class='pt-cv-ifield'><p class=\"pt-cv-title\"><a href=\"https:\/\/suporte.quattrus.com\/es\/acm-analisis-critico-mensual-en-conexa\/\" class=\"_self\" target=\"_self\" >ACM: An\u00e1lisis Cr\u00edtico Mensual en Conexa<\/a><\/p><\/div><\/div>\n<div class=\"col-md-12 col-sm-12 col-xs-12 pt-cv-content-item pt-cv-1-col\" ><div class='pt-cv-ifield'><p class=\"pt-cv-title\"><a href=\"https:\/\/suporte.quattrus.com\/es\/como-creamos-un-objetivo\/\" class=\"_self\" target=\"_self\" >C\u00f3mo creamos un Objetivo<\/a><\/p><\/div><\/div>\n<div class=\"col-md-12 col-sm-12 col-xs-12 pt-cv-content-item pt-cv-1-col\" ><div class='pt-cv-ifield'><p class=\"pt-cv-title\"><a href=\"https:\/\/suporte.quattrus.com\/es\/como-vincular-indicadores-a-un-objetivo\/\" class=\"_self\" target=\"_self\" >Como vincular indicadores a un objetivo<\/a><\/p><\/div><\/div>\n<div class=\"col-md-12 col-sm-12 col-xs-12 pt-cv-content-item pt-cv-1-col\" ><div class='pt-cv-ifield'><p class=\"pt-cv-title\"><a href=\"https:\/\/suporte.quattrus.com\/es\/configuracion-de-conexiones-de-los-objetivos-en-conexa\/\" class=\"_self\" target=\"_self\" >Configuraci\u00f3n de conexiones de los Objetivos en Conexa<\/a><\/p><\/div><\/div>\n<div class=\"col-md-12 col-sm-12 col-xs-12 pt-cv-content-item pt-cv-1-col\" ><div class='pt-cv-ifield'><p class=\"pt-cv-title\"><a href=\"https:\/\/suporte.quattrus.com\/es\/configuracion-modo-presentacion-en-conexa\/\" class=\"_self\" target=\"_self\" >Configuraci\u00f3n: Modo Presentaci\u00f3n en Conexa<\/a><\/p><\/div><\/div>\n<div class=\"col-md-12 col-sm-12 col-xs-12 pt-cv-content-item pt-cv-1-col\" ><div class='pt-cv-ifield'><p class=\"pt-cv-title\"><a href=\"https:\/\/suporte.quattrus.com\/es\/crear-un-mapa-estrategico-en-conexa\/\" class=\"_self\" target=\"_self\" >Crear un mapa Estrat\u00e9gico en Conexa<\/a><\/p><\/div><\/div>\n<div class=\"col-md-12 col-sm-12 col-xs-12 pt-cv-content-item pt-cv-1-col\" ><div class='pt-cv-ifield'><p class=\"pt-cv-title\"><a href=\"https:\/\/suporte.quattrus.com\/es\/entendiendo-el-mapa-de-conexa\/\" class=\"_self\" target=\"_self\" >Entendiendo el Mapa de Conexa<\/a><\/p><\/div><\/div>\n<div class=\"col-md-12 col-sm-12 col-xs-12 pt-cv-content-item pt-cv-1-col\" ><div class='pt-cv-ifield'><p class=\"pt-cv-title\"><a href=\"https:\/\/suporte.quattrus.com\/es\/modo-presentacion-en-conexa-que-es\/\" class=\"_self\" target=\"_self\" >Modo Presentaci\u00f3n en Conexa: \u00bfQu\u00e9 es?<\/a><\/p><\/div><\/div>\n<div class=\"col-md-12 col-sm-12 col-xs-12 pt-cv-content-item pt-cv-1-col\" ><div class='pt-cv-ifield'><p class=\"pt-cv-title\"><a href=\"https:\/\/suporte.quattrus.com\/es\/modo-presentacion-en-conexa-visualizacion\/\" class=\"_self\" target=\"_self\" >Modo Presentaci\u00f3n en Conexa: Visualizaci\u00f3n<\/a><\/p><\/div><\/div><\/div><\/div><\/div>\n[\/et_pb_toggle][et_pb_toggle title=&#8221;Change Log&#8221; icon_color=&#8221;#515151&#8243; open_icon_color=&#8221;#515151&#8243; disabled_on=&#8221;on|on|on&#8221; admin_label=&#8221;Change Log&#8221; _builder_version=&#8221;4.22.2&#8243; title_level=&#8221;h3&#8243; title_font=&#8221;Montserrat|700|||||||&#8221; body_font=&#8221;|||||on|||&#8221; body_letter_spacing=&#8221;2px&#8221; background_color=&#8221;#FFFFFF&#8221; border_radii=&#8221;on|4px|4px|4px|4px&#8221; border_width_all=&#8221;0px&#8221; border_color_all=&#8221;#FFFFFF&#8221; box_shadow_style=&#8221;preset3&#8243; disabled=&#8221;on&#8221; global_colors_info=&#8221;{}&#8221;]\n<div class=\"pt-cv-wrapper\"><div class=\"pt-cv-view pt-cv-grid pt-cv-colsys\" id=\"pt-cv-view-702cddc730\"><div data-id=\"pt-cv-page-1\" class=\"pt-cv-page\" data-cvc=\"1\"><div class=\"col-md-12 col-sm-12 col-xs-12 pt-cv-content-item pt-cv-1-col\" ><div class='pt-cv-ifield'><p class=\"pt-cv-title\"><a href=\"https:\/\/suporte.quattrus.com\/es\/versiones-2024-paa\/\" class=\"_blank\" target=\"_blank\" >Versiones 2024 PAA<\/a><\/p><\/div><\/div><\/div><\/div><\/div>\n[\/et_pb_toggle][\/et_pb_column][\/et_pb_row][\/et_pb_section]\n\t\t\t<\/div>\n\t\n\n","protected":false},"excerpt":{"rendered":"","protected":false},"author":3,"featured_media":0,"parent":1970,"menu_order":0,"comment_status":"closed","ping_status":"closed","template":"page-blank.php","meta":{"_joinchat":[],"footnotes":""},"categories":[122,122],"tags":[],"class_list":["post-55099","page","type-page","status-publish","hentry","category-paa-es"],"_links":{"self":[{"href":"https:\/\/suporte.quattrus.com\/es\/wp-json\/wp\/v2\/pages\/55099","targetHints":{"allow":["GET"]}}],"collection":[{"href":"https:\/\/suporte.quattrus.com\/es\/wp-json\/wp\/v2\/pages"}],"about":[{"href":"https:\/\/suporte.quattrus.com\/es\/wp-json\/wp\/v2\/types\/page"}],"author":[{"embeddable":true,"href":"https:\/\/suporte.quattrus.com\/es\/wp-json\/wp\/v2\/users\/3"}],"replies":[{"embeddable":true,"href":"https:\/\/suporte.quattrus.com\/es\/wp-json\/wp\/v2\/comments?post=55099"}],"version-history":[{"count":5,"href":"https:\/\/suporte.quattrus.com\/es\/wp-json\/wp\/v2\/pages\/55099\/revisions"}],"predecessor-version":[{"id":55388,"href":"https:\/\/suporte.quattrus.com\/es\/wp-json\/wp\/v2\/pages\/55099\/revisions\/55388"}],"up":[{"embeddable":true,"href":"https:\/\/suporte.quattrus.com\/es\/wp-json\/wp\/v2\/pages\/1970"}],"wp:attachment":[{"href":"https:\/\/suporte.quattrus.com\/es\/wp-json\/wp\/v2\/media?parent=55099"}],"wp:term":[{"taxonomy":"category","embeddable":true,"href":"https:\/\/suporte.quattrus.com\/es\/wp-json\/wp\/v2\/categories?post=55099"},{"taxonomy":"post_tag","embeddable":true,"href":"https:\/\/suporte.quattrus.com\/es\/wp-json\/wp\/v2\/tags?post=55099"}],"curies":[{"name":"wp","href":"https:\/\/api.w.org\/{rel}","templated":true}]}}